{"id":12,"date":"2025-12-11T18:04:00","date_gmt":"2025-12-11T18:04:00","guid":{"rendered":"http:\/\/adprins.cluster100.hosting.ovh.net\/?page_id=12"},"modified":"2025-12-27T10:07:14","modified_gmt":"2025-12-27T10:07:14","slug":"realisations","status":"publish","type":"page","link":"https:\/\/a3d-print.fr\/index.php\/realisations\/","title":{"rendered":"R\u00e9alisations"},"content":{"rendered":"\t\t<div data-elementor-type=\"wp-page\" data-elementor-id=\"12\" class=\"elementor elementor-12\">\n\t\t\t\t<div class=\"elementor-element elementor-element-e6c48d8 e-flex e-con-boxed e-con e-parent\" data-id=\"e6c48d8\" data-element_type=\"container\">\n\t\t\t\t\t<div class=\"e-con-inner\">\n\t\t\t\t<div class=\"elementor-element elementor-element-5478577 elementor-widget elementor-widget-heading\" data-id=\"5478577\" data-element_type=\"widget\" data-widget_type=\"heading.default\">\n\t\t\t\t\t<h2 class=\"elementor-heading-title elementor-size-default\">Nos R\u00e9alisations<\/h2>\t\t\t\t<\/div>\n\t\t\t\t\t<\/div>\n\t\t\t\t<\/div>\n\t\t<div class=\"elementor-element elementor-element-4e81956 e-flex e-con-boxed e-con e-parent\" data-id=\"4e81956\" data-element_type=\"container\">\n\t\t\t\t\t<div class=\"e-con-inner\">\n\t\t\t\t<div class=\"elementor-element elementor-element-40af27f elementor-widget-divider--view-line elementor-widget elementor-widget-divider\" data-id=\"40af27f\" data-element_type=\"widget\" data-widget_type=\"divider.default\">\n\t\t\t\t\t\t\t<div class=\"elementor-divider\">\n\t\t\t<span class=\"elementor-divider-separator\">\n\t\t\t\t\t\t<\/span>\n\t\t<\/div>\n\t\t\t\t\t\t<\/div>\n\t\t\t\t\t<\/div>\n\t\t\t\t<\/div>\n\t\t<div class=\"elementor-element elementor-element-d0851a3 e-grid e-con-full e-con e-child\" data-id=\"d0851a3\" data-element_type=\"container\">\n\t\t\t\t<div class=\"elementor-element elementor-element-762f4c1 elementor-widget elementor-widget-button\" data-id=\"762f4c1\" data-element_type=\"widget\" data-widget_type=\"button.default\">\n\t\t\t\t\t\t\t\t\t\t<a class=\"elementor-button elementor-button-link elementor-size-sm elementor-animation-bounce-in\" href=\"https:\/\/a3d-print.fr\/\">\n\t\t\t\t\t\t<span class=\"elementor-button-content-wrapper\">\n\t\t\t\t\t\t\t\t\t<span class=\"elementor-button-text\">Accueil<\/span>\n\t\t\t\t\t<\/span>\n\t\t\t\t\t<\/a>\n\t\t\t\t\t\t\t\t<\/div>\n\t\t\t\t<div class=\"elementor-element elementor-element-66f1ad8 elementor-widget elementor-widget-button\" data-id=\"66f1ad8\" data-element_type=\"widget\" data-widget_type=\"button.default\">\n\t\t\t\t\t\t\t\t\t\t<a class=\"elementor-button elementor-button-link elementor-size-sm elementor-animation-bounce-in\" href=\"https:\/\/a3d-print.fr\/index.php\/services\/\">\n\t\t\t\t\t\t<span class=\"elementor-button-content-wrapper\">\n\t\t\t\t\t\t\t\t\t<span class=\"elementor-button-text\">Services<\/span>\n\t\t\t\t\t<\/span>\n\t\t\t\t\t<\/a>\n\t\t\t\t\t\t\t\t<\/div>\n\t\t\t\t<div class=\"elementor-element elementor-element-9170830 elementor-widget elementor-widget-button\" data-id=\"9170830\" data-element_type=\"widget\" data-widget_type=\"button.default\">\n\t\t\t\t\t\t\t\t\t\t<a class=\"elementor-button elementor-button-link elementor-size-sm elementor-animation-bounce-in\" href=\"https:\/\/a3d-print.fr\/index.php\/realisations\/\">\n\t\t\t\t\t\t<span class=\"elementor-button-content-wrapper\">\n\t\t\t\t\t\t\t\t\t<span class=\"elementor-button-text\">R\u00e9alisations<\/span>\n\t\t\t\t\t<\/span>\n\t\t\t\t\t<\/a>\n\t\t\t\t\t\t\t\t<\/div>\n\t\t\t\t<div class=\"elementor-element elementor-element-927c1ec elementor-widget elementor-widget-button\" data-id=\"927c1ec\" data-element_type=\"widget\" data-widget_type=\"button.default\">\n\t\t\t\t\t\t\t\t\t\t<a class=\"elementor-button elementor-button-link elementor-size-sm elementor-animation-bounce-in\" href=\"https:\/\/a3d-print.fr\/index.php\/shop\/\">\n\t\t\t\t\t\t<span class=\"elementor-button-content-wrapper\">\n\t\t\t\t\t\t\t\t\t<span class=\"elementor-button-text\">Boutique<\/span>\n\t\t\t\t\t<\/span>\n\t\t\t\t\t<\/a>\n\t\t\t\t\t\t\t\t<\/div>\n\t\t\t\t<div class=\"elementor-element elementor-element-36d1646 elementor-widget elementor-widget-button\" data-id=\"36d1646\" data-element_type=\"widget\" data-widget_type=\"button.default\">\n\t\t\t\t\t\t\t\t\t\t<a class=\"elementor-button elementor-button-link elementor-size-sm elementor-animation-bounce-in\" href=\"https:\/\/a3d-print.fr\/index.php\/contact\/\">\n\t\t\t\t\t\t<span class=\"elementor-button-content-wrapper\">\n\t\t\t\t\t\t\t\t\t<span class=\"elementor-button-text\">Contact<\/span>\n\t\t\t\t\t<\/span>\n\t\t\t\t\t<\/a>\n\t\t\t\t\t\t\t\t<\/div>\n\t\t\t\t<div class=\"elementor-element elementor-element-251bc90 elementor-widget elementor-widget-button\" data-id=\"251bc90\" data-element_type=\"widget\" data-widget_type=\"button.default\">\n\t\t\t\t\t\t\t\t\t\t<a class=\"elementor-button elementor-button-link elementor-size-sm elementor-animation-bounce-in\" href=\"https:\/\/a3d-print.fr\/index.php\/a-propos\/\">\n\t\t\t\t\t\t<span class=\"elementor-button-content-wrapper\">\n\t\t\t\t\t\t\t\t\t<span class=\"elementor-button-text\">A propos<\/span>\n\t\t\t\t\t<\/span>\n\t\t\t\t\t<\/a>\n\t\t\t\t\t\t\t\t<\/div>\n\t\t\t\t<\/div>\n\t\t<div class=\"elementor-element elementor-element-5db1315 e-flex e-con-boxed e-con e-parent\" data-id=\"5db1315\" data-element_type=\"container\">\n\t\t\t\t\t<div class=\"e-con-inner\">\n\t\t\t\t<div class=\"elementor-element elementor-element-34de306 elementor-widget-divider--view-line elementor-widget elementor-widget-divider\" data-id=\"34de306\" data-element_type=\"widget\" data-widget_type=\"divider.default\">\n\t\t\t\t\t\t\t<div class=\"elementor-divider\">\n\t\t\t<span class=\"elementor-divider-separator\">\n\t\t\t\t\t\t<\/span>\n\t\t<\/div>\n\t\t\t\t\t\t<\/div>\n\t\t\t\t\t<\/div>\n\t\t\t\t<\/div>\n\t\t<div class=\"elementor-element elementor-element-5669b45 e-grid e-con-boxed e-con e-parent\" data-id=\"5669b45\" data-element_type=\"container\">\n\t\t\t\t\t<div class=\"e-con-inner\">\n\t\t\t\t<div class=\"elementor-element elementor-element-95b8c5e elementor-widget elementor-widget-image\" data-id=\"95b8c5e\" data-element_type=\"widget\" data-widget_type=\"image.default\">\n\t\t\t\t\t\t\t\t\t\t\t\t\t\t\t\t<a href=\"https:\/\/a3d-print.fr\/index.php\/gravure\/\">\n\t\t\t\t\t\t\t<img fetchpriority=\"high\" decoding=\"async\" width=\"1024\" height=\"1024\" src=\"https:\/\/a3d-print.fr\/wp-content\/uploads\/2025\/12\/ChatGPT-Image-11-dec.-2025-18_20_37.webp\" class=\"elementor-animation-grow attachment-large size-large wp-image-39\" alt=\"\" srcset=\"https:\/\/a3d-print.fr\/wp-content\/uploads\/2025\/12\/ChatGPT-Image-11-dec.-2025-18_20_37.webp 1024w, https:\/\/a3d-print.fr\/wp-content\/uploads\/2025\/12\/ChatGPT-Image-11-dec.-2025-18_20_37-300x300.webp 300w, https:\/\/a3d-print.fr\/wp-content\/uploads\/2025\/12\/ChatGPT-Image-11-dec.-2025-18_20_37-150x150.webp 150w, https:\/\/a3d-print.fr\/wp-content\/uploads\/2025\/12\/ChatGPT-Image-11-dec.-2025-18_20_37-768x768.webp 768w\" sizes=\"(max-width: 1024px) 100vw, 1024px\" \/>\t\t\t\t\t\t\t\t<\/a>\n\t\t\t\t\t\t\t\t\t\t\t\t\t\t\t<\/div>\n\t\t\t\t<div class=\"elementor-element elementor-element-12e1dba elementor-widget elementor-widget-image\" data-id=\"12e1dba\" data-element_type=\"widget\" data-widget_type=\"image.default\">\n\t\t\t\t\t\t\t\t\t\t\t\t\t\t\t\t<a href=\"https:\/\/a3d-print.fr\/index.php\/fdm\/\">\n\t\t\t\t\t\t\t<img decoding=\"async\" width=\"1024\" height=\"1024\" src=\"https:\/\/a3d-print.fr\/wp-content\/uploads\/2025\/12\/ChatGPT-Image-11-dec.-2025-18_47_47.webp\" class=\"elementor-animation-grow attachment-large size-large wp-image-40\" alt=\"\" srcset=\"https:\/\/a3d-print.fr\/wp-content\/uploads\/2025\/12\/ChatGPT-Image-11-dec.-2025-18_47_47.webp 1024w, https:\/\/a3d-print.fr\/wp-content\/uploads\/2025\/12\/ChatGPT-Image-11-dec.-2025-18_47_47-300x300.webp 300w, https:\/\/a3d-print.fr\/wp-content\/uploads\/2025\/12\/ChatGPT-Image-11-dec.-2025-18_47_47-150x150.webp 150w, https:\/\/a3d-print.fr\/wp-content\/uploads\/2025\/12\/ChatGPT-Image-11-dec.-2025-18_47_47-768x768.webp 768w\" sizes=\"(max-width: 1024px) 100vw, 1024px\" \/>\t\t\t\t\t\t\t\t<\/a>\n\t\t\t\t\t\t\t\t\t\t\t\t\t\t\t<\/div>\n\t\t\t\t<div class=\"elementor-element elementor-element-cecd9ef elementor-widget elementor-widget-image\" data-id=\"cecd9ef\" data-element_type=\"widget\" data-widget_type=\"image.default\">\n\t\t\t\t\t\t\t\t\t\t\t\t\t\t\t\t<a href=\"https:\/\/a3d-print.fr\/index.php\/galerie-resine\/\">\n\t\t\t\t\t\t\t<img decoding=\"async\" width=\"1024\" height=\"1024\" src=\"https:\/\/a3d-print.fr\/wp-content\/uploads\/2025\/12\/ChatGPT-Image-11-dec.-2025-18_55_29.webp\" class=\"elementor-animation-grow attachment-large size-large wp-image-42\" alt=\"\" srcset=\"https:\/\/a3d-print.fr\/wp-content\/uploads\/2025\/12\/ChatGPT-Image-11-dec.-2025-18_55_29.webp 1024w, https:\/\/a3d-print.fr\/wp-content\/uploads\/2025\/12\/ChatGPT-Image-11-dec.-2025-18_55_29-300x300.webp 300w, https:\/\/a3d-print.fr\/wp-content\/uploads\/2025\/12\/ChatGPT-Image-11-dec.-2025-18_55_29-150x150.webp 150w, https:\/\/a3d-print.fr\/wp-content\/uploads\/2025\/12\/ChatGPT-Image-11-dec.-2025-18_55_29-768x768.webp 768w\" sizes=\"(max-width: 1024px) 100vw, 1024px\" \/>\t\t\t\t\t\t\t\t<\/a>\n\t\t\t\t\t\t\t\t\t\t\t\t\t\t\t<\/div>\n\t\t\t\t<div class=\"elementor-element elementor-element-2e43ade elementor-widget elementor-widget-image\" data-id=\"2e43ade\" data-element_type=\"widget\" data-widget_type=\"image.default\">\n\t\t\t\t\t\t\t\t\t\t\t\t\t\t\t\t<a href=\"https:\/\/a3d-print.fr\/index.php\/vetements\/\">\n\t\t\t\t\t\t\t<img loading=\"lazy\" decoding=\"async\" width=\"1024\" height=\"1024\" src=\"https:\/\/a3d-print.fr\/wp-content\/uploads\/2025\/12\/ChatGPT-Image-11-dec.-2025-21_06_14.webp\" class=\"elementor-animation-grow attachment-large size-large wp-image-92\" alt=\"\" srcset=\"https:\/\/a3d-print.fr\/wp-content\/uploads\/2025\/12\/ChatGPT-Image-11-dec.-2025-21_06_14.webp 1024w, https:\/\/a3d-print.fr\/wp-content\/uploads\/2025\/12\/ChatGPT-Image-11-dec.-2025-21_06_14-300x300.webp 300w, https:\/\/a3d-print.fr\/wp-content\/uploads\/2025\/12\/ChatGPT-Image-11-dec.-2025-21_06_14-150x150.webp 150w, https:\/\/a3d-print.fr\/wp-content\/uploads\/2025\/12\/ChatGPT-Image-11-dec.-2025-21_06_14-768x768.webp 768w\" sizes=\"(max-width: 1024px) 100vw, 1024px\" \/>\t\t\t\t\t\t\t\t<\/a>\n\t\t\t\t\t\t\t\t\t\t\t\t\t\t\t<\/div>\n\t\t\t\t<div class=\"elementor-element elementor-element-7771ead elementor-widget elementor-widget-image\" data-id=\"7771ead\" data-element_type=\"widget\" data-widget_type=\"image.default\">\n\t\t\t\t\t\t\t\t\t\t\t\t\t\t\t\t<a href=\"https:\/\/a3d-print.fr\/index.php\/decoupe-vinyle\/\">\n\t\t\t\t\t\t\t<img loading=\"lazy\" decoding=\"async\" width=\"1024\" height=\"1024\" src=\"https:\/\/a3d-print.fr\/wp-content\/uploads\/2025\/12\/ChatGPT-Image-11-dec.-2025-20_57_11.webp\" class=\"elementor-animation-grow attachment-large size-large wp-image-84\" alt=\"\" srcset=\"https:\/\/a3d-print.fr\/wp-content\/uploads\/2025\/12\/ChatGPT-Image-11-dec.-2025-20_57_11.webp 1024w, https:\/\/a3d-print.fr\/wp-content\/uploads\/2025\/12\/ChatGPT-Image-11-dec.-2025-20_57_11-300x300.webp 300w, https:\/\/a3d-print.fr\/wp-content\/uploads\/2025\/12\/ChatGPT-Image-11-dec.-2025-20_57_11-150x150.webp 150w, https:\/\/a3d-print.fr\/wp-content\/uploads\/2025\/12\/ChatGPT-Image-11-dec.-2025-20_57_11-768x768.webp 768w\" sizes=\"(max-width: 1024px) 100vw, 1024px\" \/>\t\t\t\t\t\t\t\t<\/a>\n\t\t\t\t\t\t\t\t\t\t\t\t\t\t\t<\/div>\n\t\t\t\t<div class=\"elementor-element elementor-element-994e027 elementor-widget elementor-widget-image\" data-id=\"994e027\" data-element_type=\"widget\" data-widget_type=\"image.default\">\n\t\t\t\t\t\t\t\t\t\t\t\t\t\t\t\t<a href=\"https:\/\/a3d-print.fr\/index.php\/conception-3d\/\">\n\t\t\t\t\t\t\t<img loading=\"lazy\" decoding=\"async\" width=\"1024\" height=\"1024\" src=\"https:\/\/a3d-print.fr\/wp-content\/uploads\/2025\/12\/ChatGPT-Image-11-dec.-2025-20_57_05.webp\" class=\"elementor-animation-grow attachment-large size-large wp-image-85\" alt=\"\" srcset=\"https:\/\/a3d-print.fr\/wp-content\/uploads\/2025\/12\/ChatGPT-Image-11-dec.-2025-20_57_05.webp 1024w, https:\/\/a3d-print.fr\/wp-content\/uploads\/2025\/12\/ChatGPT-Image-11-dec.-2025-20_57_05-300x300.webp 300w, https:\/\/a3d-print.fr\/wp-content\/uploads\/2025\/12\/ChatGPT-Image-11-dec.-2025-20_57_05-150x150.webp 150w, https:\/\/a3d-print.fr\/wp-content\/uploads\/2025\/12\/ChatGPT-Image-11-dec.-2025-20_57_05-768x768.webp 768w\" sizes=\"(max-width: 1024px) 100vw, 1024px\" \/>\t\t\t\t\t\t\t\t<\/a>\n\t\t\t\t\t\t\t\t\t\t\t\t\t\t\t<\/div>\n\t\t\t\t\t<\/div>\n\t\t\t\t<\/div>\n\t\t\t\t<\/div>\n\t\t","protected":false},"excerpt":{"rendered":"<p>Nos R\u00e9alisations Accueil Services R\u00e9alisations Boutique Contact A propos<\/p>\n","protected":false},"author":1,"featured_media":65,"parent":0,"menu_order":0,"comment_status":"closed","ping_status":"closed","template":"","meta":{"site-sidebar-layout":"no-sidebar","site-content-layout":"","ast-site-content-layout":"full-width-container","site-content-style":"default","site-sidebar-style":"default","ast-global-header-display":"disabled","ast-banner-title-visibility":"disabled","ast-main-header-display":"","ast-hfb-above-header-display":"","ast-hfb-below-header-display":"","ast-hfb-mobile-header-display":"","site-post-title":"","ast-breadcrumbs-content":"","ast-featured-img":"disabled","footer-sml-layout":"disabled","ast-disable-related-posts":"","theme-transparent-header-meta":"","adv-header-id-meta":"","stick-header-meta":"","header-above-stick-meta":"","header-main-stick-meta":"","header-below-stick-meta":"","astra-migrate-meta-layouts":"default","ast-page-background-enabled":"default","ast-page-background-meta":{"desktop":{"background-color":"var(--ast-global-color-5)","background-image":"","background-repeat":"repeat","background-position":"center center","background-size":"auto","background-attachment":"scroll","background-type":"","background-media":"","overlay-type":"","overlay-color":"","overlay-opacity":"","overlay-gradient":""},"tablet":{"background-color":"","background-image":"","background-repeat":"repeat","background-position":"center center","background-size":"auto","background-attachment":"scroll","background-type":"","background-media":"","overlay-type":"","overlay-color":"","overlay-opacity":"","overlay-gradient":""},"mobile":{"background-color":"","background-image":"","background-repeat":"repeat","background-position":"center center","background-size":"auto","background-attachment":"scroll","background-type":"","background-media":"","overlay-type":"","overlay-color":"","overlay-opacity":"","overlay-gradient":""}},"ast-content-background-meta":{"desktop":{"background-color":"var(--ast-global-color-4)","background-image":"","background-repeat":"repeat","background-position":"center center","background-size":"auto","background-attachment":"scroll","background-type":"","background-media":"","overlay-type":"","overlay-color":"","overlay-opacity":"","overlay-gradient":""},"tablet":{"background-color":"var(--ast-global-color-4)","background-image":"","background-repeat":"repeat","background-position":"center center","background-size":"auto","background-attachment":"scroll","background-type":"","background-media":"","overlay-type":"","overlay-color":"","overlay-opacity":"","overlay-gradient":""},"mobile":{"background-color":"var(--ast-global-color-4)","background-image":"","background-repeat":"repeat","background-position":"center center","background-size":"auto","background-attachment":"scroll","background-type":"","background-media":"","overlay-type":"","overlay-color":"","overlay-opacity":"","overlay-gradient":""}},"footnotes":""},"class_list":["post-12","page","type-page","status-publish","has-post-thumbnail","hentry"],"yoast_head":"<!-- This site is optimized with the Yoast SEO plugin v26.5 - https:\/\/yoast.com\/wordpress\/plugins\/seo\/ -->\n<title>R\u00e9alisations - A3D-PRINT<\/title>\n<meta name=\"robots\" content=\"index, follow, max-snippet:-1, max-image-preview:large, max-video-preview:-1\" \/>\n<link rel=\"canonical\" href=\"https:\/\/a3d-print.fr\/index.php\/realisations\/\" \/>\n<meta property=\"og:locale\" content=\"fr_FR\" \/>\n<meta property=\"og:type\" content=\"article\" \/>\n<meta property=\"og:title\" content=\"R\u00e9alisations - A3D-PRINT\" \/>\n<meta property=\"og:description\" content=\"Nos R\u00e9alisations Accueil Services R\u00e9alisations Boutique Contact A propos\" \/>\n<meta property=\"og:url\" content=\"https:\/\/a3d-print.fr\/index.php\/realisations\/\" \/>\n<meta property=\"og:site_name\" content=\"A3D-PRINT\" \/>\n<meta property=\"article:modified_time\" content=\"2025-12-27T10:07:14+00:00\" \/>\n<meta property=\"og:image\" content=\"https:\/\/a3d-print.fr\/wp-content\/uploads\/2025\/12\/fond-creatif-grand-angle-avec-des-formes-grises-scaled.webp\" \/>\n\t<meta property=\"og:image:width\" content=\"1920\" \/>\n\t<meta property=\"og:image:height\" content=\"1314\" \/>\n\t<meta property=\"og:image:type\" content=\"image\/webp\" \/>\n<meta name=\"twitter:card\" content=\"summary_large_image\" \/>\n<meta name=\"twitter:label1\" content=\"Dur\u00e9e de lecture estim\u00e9e\" \/>\n\t<meta name=\"twitter:data1\" content=\"2 minutes\" \/>\n<script type=\"application\/ld+json\" class=\"yoast-schema-graph\">{\"@context\":\"https:\/\/schema.org\",\"@graph\":[{\"@type\":\"WebPage\",\"@id\":\"https:\/\/a3d-print.fr\/index.php\/realisations\/\",\"url\":\"https:\/\/a3d-print.fr\/index.php\/realisations\/\",\"name\":\"R\u00e9alisations - A3D-PRINT\",\"isPartOf\":{\"@id\":\"https:\/\/a3d-print.fr\/#website\"},\"primaryImageOfPage\":{\"@id\":\"https:\/\/a3d-print.fr\/index.php\/realisations\/#primaryimage\"},\"image\":{\"@id\":\"https:\/\/a3d-print.fr\/index.php\/realisations\/#primaryimage\"},\"thumbnailUrl\":\"https:\/\/a3d-print.fr\/wp-content\/uploads\/2025\/12\/fond-creatif-grand-angle-avec-des-formes-grises-scaled.webp\",\"datePublished\":\"2025-12-11T18:04:00+00:00\",\"dateModified\":\"2025-12-27T10:07:14+00:00\",\"breadcrumb\":{\"@id\":\"https:\/\/a3d-print.fr\/index.php\/realisations\/#breadcrumb\"},\"inLanguage\":\"fr-FR\",\"potentialAction\":[{\"@type\":\"ReadAction\",\"target\":[\"https:\/\/a3d-print.fr\/index.php\/realisations\/\"]}]},{\"@type\":\"ImageObject\",\"inLanguage\":\"fr-FR\",\"@id\":\"https:\/\/a3d-print.fr\/index.php\/realisations\/#primaryimage\",\"url\":\"https:\/\/a3d-print.fr\/wp-content\/uploads\/2025\/12\/fond-creatif-grand-angle-avec-des-formes-grises-scaled.webp\",\"contentUrl\":\"https:\/\/a3d-print.fr\/wp-content\/uploads\/2025\/12\/fond-creatif-grand-angle-avec-des-formes-grises-scaled.webp\",\"width\":1920,\"height\":1314},{\"@type\":\"BreadcrumbList\",\"@id\":\"https:\/\/a3d-print.fr\/index.php\/realisations\/#breadcrumb\",\"itemListElement\":[{\"@type\":\"ListItem\",\"position\":1,\"name\":\"Accueil\",\"item\":\"https:\/\/a3d-print.fr\/\"},{\"@type\":\"ListItem\",\"position\":2,\"name\":\"R\u00e9alisations\"}]},{\"@type\":\"WebSite\",\"@id\":\"https:\/\/a3d-print.fr\/#website\",\"url\":\"https:\/\/a3d-print.fr\/\",\"name\":\"A3D-PRINT\",\"description\":\"\",\"potentialAction\":[{\"@type\":\"SearchAction\",\"target\":{\"@type\":\"EntryPoint\",\"urlTemplate\":\"https:\/\/a3d-print.fr\/?s={search_term_string}\"},\"query-input\":{\"@type\":\"PropertyValueSpecification\",\"valueRequired\":true,\"valueName\":\"search_term_string\"}}],\"inLanguage\":\"fr-FR\"}]}<\/script>\n<!-- \/ Yoast SEO plugin. -->","yoast_head_json":{"title":"R\u00e9alisations - A3D-PRINT","robots":{"index":"index","follow":"follow","max-snippet":"max-snippet:-1","max-image-preview":"max-image-preview:large","max-video-preview":"max-video-preview:-1"},"canonical":"https:\/\/a3d-print.fr\/index.php\/realisations\/","og_locale":"fr_FR","og_type":"article","og_title":"R\u00e9alisations - A3D-PRINT","og_description":"Nos R\u00e9alisations Accueil Services R\u00e9alisations Boutique Contact A propos","og_url":"https:\/\/a3d-print.fr\/index.php\/realisations\/","og_site_name":"A3D-PRINT","article_modified_time":"2025-12-27T10:07:14+00:00","og_image":[{"width":1920,"height":1314,"url":"https:\/\/a3d-print.fr\/wp-content\/uploads\/2025\/12\/fond-creatif-grand-angle-avec-des-formes-grises-scaled.webp","type":"image\/webp"}],"twitter_card":"summary_large_image","twitter_misc":{"Dur\u00e9e de lecture estim\u00e9e":"2 minutes"},"schema":{"@context":"https:\/\/schema.org","@graph":[{"@type":"WebPage","@id":"https:\/\/a3d-print.fr\/index.php\/realisations\/","url":"https:\/\/a3d-print.fr\/index.php\/realisations\/","name":"R\u00e9alisations - A3D-PRINT","isPartOf":{"@id":"https:\/\/a3d-print.fr\/#website"},"primaryImageOfPage":{"@id":"https:\/\/a3d-print.fr\/index.php\/realisations\/#primaryimage"},"image":{"@id":"https:\/\/a3d-print.fr\/index.php\/realisations\/#primaryimage"},"thumbnailUrl":"https:\/\/a3d-print.fr\/wp-content\/uploads\/2025\/12\/fond-creatif-grand-angle-avec-des-formes-grises-scaled.webp","datePublished":"2025-12-11T18:04:00+00:00","dateModified":"2025-12-27T10:07:14+00:00","breadcrumb":{"@id":"https:\/\/a3d-print.fr\/index.php\/realisations\/#breadcrumb"},"inLanguage":"fr-FR","potentialAction":[{"@type":"ReadAction","target":["https:\/\/a3d-print.fr\/index.php\/realisations\/"]}]},{"@type":"ImageObject","inLanguage":"fr-FR","@id":"https:\/\/a3d-print.fr\/index.php\/realisations\/#primaryimage","url":"https:\/\/a3d-print.fr\/wp-content\/uploads\/2025\/12\/fond-creatif-grand-angle-avec-des-formes-grises-scaled.webp","contentUrl":"https:\/\/a3d-print.fr\/wp-content\/uploads\/2025\/12\/fond-creatif-grand-angle-avec-des-formes-grises-scaled.webp","width":1920,"height":1314},{"@type":"BreadcrumbList","@id":"https:\/\/a3d-print.fr\/index.php\/realisations\/#breadcrumb","itemListElement":[{"@type":"ListItem","position":1,"name":"Accueil","item":"https:\/\/a3d-print.fr\/"},{"@type":"ListItem","position":2,"name":"R\u00e9alisations"}]},{"@type":"WebSite","@id":"https:\/\/a3d-print.fr\/#website","url":"https:\/\/a3d-print.fr\/","name":"A3D-PRINT","description":"","potentialAction":[{"@type":"SearchAction","target":{"@type":"EntryPoint","urlTemplate":"https:\/\/a3d-print.fr\/?s={search_term_string}"},"query-input":{"@type":"PropertyValueSpecification","valueRequired":true,"valueName":"search_term_string"}}],"inLanguage":"fr-FR"}]}},"jetpack_sharing_enabled":true,"_links":{"self":[{"href":"https:\/\/a3d-print.fr\/index.php\/wp-json\/wp\/v2\/pages\/12","targetHints":{"allow":["GET"]}}],"collection":[{"href":"https:\/\/a3d-print.fr\/index.php\/wp-json\/wp\/v2\/pages"}],"about":[{"href":"https:\/\/a3d-print.fr\/index.php\/wp-json\/wp\/v2\/types\/page"}],"author":[{"embeddable":true,"href":"https:\/\/a3d-print.fr\/index.php\/wp-json\/wp\/v2\/users\/1"}],"replies":[{"embeddable":true,"href":"https:\/\/a3d-print.fr\/index.php\/wp-json\/wp\/v2\/comments?post=12"}],"version-history":[{"count":62,"href":"https:\/\/a3d-print.fr\/index.php\/wp-json\/wp\/v2\/pages\/12\/revisions"}],"predecessor-version":[{"id":766,"href":"https:\/\/a3d-print.fr\/index.php\/wp-json\/wp\/v2\/pages\/12\/revisions\/766"}],"wp:featuredmedia":[{"embeddable":true,"href":"https:\/\/a3d-print.fr\/index.php\/wp-json\/wp\/v2\/media\/65"}],"wp:attachment":[{"href":"https:\/\/a3d-print.fr\/index.php\/wp-json\/wp\/v2\/media?parent=12"}],"curies":[{"name":"wp","href":"https:\/\/api.w.org\/{rel}","templated":true}]}}