{"id":182,"date":"2025-12-12T21:17:52","date_gmt":"2025-12-12T21:17:52","guid":{"rendered":"https:\/\/a3d-print.fr\/?page_id=182"},"modified":"2025-12-27T09:16:27","modified_gmt":"2025-12-27T09:16:27","slug":"fdm","status":"publish","type":"page","link":"https:\/\/a3d-print.fr\/index.php\/fdm\/","title":{"rendered":"galerie FDM"},"content":{"rendered":"\t\t<div data-elementor-type=\"wp-page\" data-elementor-id=\"182\" class=\"elementor elementor-182\">\n\t\t\t\t<div class=\"elementor-element elementor-element-90148f9 e-flex e-con-boxed e-con e-parent\" data-id=\"90148f9\" data-element_type=\"container\">\n\t\t\t\t\t<div class=\"e-con-inner\">\n\t\t\t\t<div class=\"elementor-element elementor-element-a1d522e elementor-widget elementor-widget-heading\" data-id=\"a1d522e\" data-element_type=\"widget\" data-widget_type=\"heading.default\">\n\t\t\t\t\t<h2 class=\"elementor-heading-title elementor-size-default\">Impressions filament<\/h2>\t\t\t\t<\/div>\n\t\t\t\t<div class=\"elementor-element elementor-element-209fda2 elementor-widget-divider--view-line elementor-widget elementor-widget-divider\" data-id=\"209fda2\" data-element_type=\"widget\" data-widget_type=\"divider.default\">\n\t\t\t\t\t\t\t<div class=\"elementor-divider\">\n\t\t\t<span class=\"elementor-divider-separator\">\n\t\t\t\t\t\t<\/span>\n\t\t<\/div>\n\t\t\t\t\t\t<\/div>\n\t\t\t\t\t<\/div>\n\t\t\t\t<\/div>\n\t\t<div class=\"elementor-element elementor-element-ae07c52 e-grid e-con-full e-con e-child\" data-id=\"ae07c52\" data-element_type=\"container\">\n\t\t\t\t<div class=\"elementor-element elementor-element-0f0d894 elementor-widget elementor-widget-button\" data-id=\"0f0d894\" data-element_type=\"widget\" data-widget_type=\"button.default\">\n\t\t\t\t\t\t\t\t\t\t<a class=\"elementor-button elementor-button-link elementor-size-sm elementor-animation-bounce-in\" href=\"https:\/\/a3d-print.fr\/\">\n\t\t\t\t\t\t<span class=\"elementor-button-content-wrapper\">\n\t\t\t\t\t\t\t\t\t<span class=\"elementor-button-text\">Accueil<\/span>\n\t\t\t\t\t<\/span>\n\t\t\t\t\t<\/a>\n\t\t\t\t\t\t\t\t<\/div>\n\t\t\t\t<div class=\"elementor-element elementor-element-26aea50 elementor-widget elementor-widget-button\" data-id=\"26aea50\" data-element_type=\"widget\" data-widget_type=\"button.default\">\n\t\t\t\t\t\t\t\t\t\t<a class=\"elementor-button elementor-button-link elementor-size-sm elementor-animation-bounce-in\" href=\"https:\/\/a3d-print.fr\/index.php\/services\/\">\n\t\t\t\t\t\t<span class=\"elementor-button-content-wrapper\">\n\t\t\t\t\t\t\t\t\t<span class=\"elementor-button-text\">Services<\/span>\n\t\t\t\t\t<\/span>\n\t\t\t\t\t<\/a>\n\t\t\t\t\t\t\t\t<\/div>\n\t\t\t\t<div class=\"elementor-element elementor-element-b0d1173 elementor-widget elementor-widget-button\" data-id=\"b0d1173\" data-element_type=\"widget\" data-widget_type=\"button.default\">\n\t\t\t\t\t\t\t\t\t\t<a class=\"elementor-button elementor-button-link elementor-size-sm elementor-animation-bounce-in\" href=\"https:\/\/a3d-print.fr\/index.php\/realisations\/\">\n\t\t\t\t\t\t<span class=\"elementor-button-content-wrapper\">\n\t\t\t\t\t\t\t\t\t<span class=\"elementor-button-text\">R\u00e9alisations<\/span>\n\t\t\t\t\t<\/span>\n\t\t\t\t\t<\/a>\n\t\t\t\t\t\t\t\t<\/div>\n\t\t\t\t<div class=\"elementor-element elementor-element-9a74c61 elementor-widget elementor-widget-button\" data-id=\"9a74c61\" data-element_type=\"widget\" data-widget_type=\"button.default\">\n\t\t\t\t\t\t\t\t\t\t<a class=\"elementor-button elementor-button-link elementor-size-sm elementor-animation-bounce-in\" href=\"https:\/\/a3d-print.fr\/index.php\/shop\/\">\n\t\t\t\t\t\t<span class=\"elementor-button-content-wrapper\">\n\t\t\t\t\t\t\t\t\t<span class=\"elementor-button-text\">Boutique<\/span>\n\t\t\t\t\t<\/span>\n\t\t\t\t\t<\/a>\n\t\t\t\t\t\t\t\t<\/div>\n\t\t\t\t<div class=\"elementor-element elementor-element-fed1dba elementor-widget elementor-widget-button\" data-id=\"fed1dba\" data-element_type=\"widget\" data-widget_type=\"button.default\">\n\t\t\t\t\t\t\t\t\t\t<a class=\"elementor-button elementor-button-link elementor-size-sm elementor-animation-bounce-in\" href=\"https:\/\/a3d-print.fr\/index.php\/contact\/\">\n\t\t\t\t\t\t<span class=\"elementor-button-content-wrapper\">\n\t\t\t\t\t\t\t\t\t<span class=\"elementor-button-text\">Contact<\/span>\n\t\t\t\t\t<\/span>\n\t\t\t\t\t<\/a>\n\t\t\t\t\t\t\t\t<\/div>\n\t\t\t\t<div class=\"elementor-element elementor-element-eb75031 elementor-widget elementor-widget-button\" data-id=\"eb75031\" data-element_type=\"widget\" data-widget_type=\"button.default\">\n\t\t\t\t\t\t\t\t\t\t<a class=\"elementor-button elementor-button-link elementor-size-sm elementor-animation-bounce-in\" href=\"https:\/\/a3d-print.fr\/index.php\/a-propos\/\">\n\t\t\t\t\t\t<span class=\"elementor-button-content-wrapper\">\n\t\t\t\t\t\t\t\t\t<span class=\"elementor-button-text\">A propos<\/span>\n\t\t\t\t\t<\/span>\n\t\t\t\t\t<\/a>\n\t\t\t\t\t\t\t\t<\/div>\n\t\t\t\t<\/div>\n\t\t<div class=\"elementor-element elementor-element-13097d2 e-grid e-con-full e-con e-parent\" data-id=\"13097d2\" data-element_type=\"container\">\n\t\t\t\t<div class=\"elementor-element elementor-element-0345769 elementor-widget elementor-widget-button\" data-id=\"0345769\" data-element_type=\"widget\" data-widget_type=\"button.default\">\n\t\t\t\t\t\t\t\t\t\t<a class=\"elementor-button elementor-button-link elementor-size-sm elementor-animation-bounce-in\" href=\"https:\/\/a3d-print.fr\/index.php\/gravure\/\">\n\t\t\t\t\t\t<span class=\"elementor-button-content-wrapper\">\n\t\t\t\t\t\t\t\t\t<span class=\"elementor-button-text\">Gravure Laser<\/span>\n\t\t\t\t\t<\/span>\n\t\t\t\t\t<\/a>\n\t\t\t\t\t\t\t\t<\/div>\n\t\t\t\t<div class=\"elementor-element elementor-element-c7b4c3e elementor-widget elementor-widget-button\" data-id=\"c7b4c3e\" data-element_type=\"widget\" data-widget_type=\"button.default\">\n\t\t\t\t\t\t\t\t\t\t<a class=\"elementor-button elementor-button-link elementor-size-sm elementor-animation-bounce-in\" href=\"https:\/\/a3d-print.fr\/index.php\/fdm\/\">\n\t\t\t\t\t\t<span class=\"elementor-button-content-wrapper\">\n\t\t\t\t\t\t\t\t\t<span class=\"elementor-button-text\">Impression FDM<\/span>\n\t\t\t\t\t<\/span>\n\t\t\t\t\t<\/a>\n\t\t\t\t\t\t\t\t<\/div>\n\t\t\t\t<div class=\"elementor-element elementor-element-bb86a9a elementor-widget elementor-widget-button\" data-id=\"bb86a9a\" data-element_type=\"widget\" data-widget_type=\"button.default\">\n\t\t\t\t\t\t\t\t\t\t<a class=\"elementor-button elementor-button-link elementor-size-sm elementor-animation-bounce-in\" href=\"https:\/\/a3d-print.fr\/index.php\/galerie-resine\/\">\n\t\t\t\t\t\t<span class=\"elementor-button-content-wrapper\">\n\t\t\t\t\t\t\t\t\t<span class=\"elementor-button-text\">Impression R\u00e9sine<\/span>\n\t\t\t\t\t<\/span>\n\t\t\t\t\t<\/a>\n\t\t\t\t\t\t\t\t<\/div>\n\t\t\t\t<div class=\"elementor-element elementor-element-6ed5ae2 elementor-widget elementor-widget-button\" data-id=\"6ed5ae2\" data-element_type=\"widget\" data-widget_type=\"button.default\">\n\t\t\t\t\t\t\t\t\t\t<a class=\"elementor-button elementor-button-link elementor-size-sm elementor-animation-bounce-in\" href=\"https:\/\/a3d-print.fr\/index.php\/vetements\/\">\n\t\t\t\t\t\t<span class=\"elementor-button-content-wrapper\">\n\t\t\t\t\t\t\t\t\t<span class=\"elementor-button-text\">V\u00eatements<\/span>\n\t\t\t\t\t<\/span>\n\t\t\t\t\t<\/a>\n\t\t\t\t\t\t\t\t<\/div>\n\t\t\t\t<div class=\"elementor-element elementor-element-59d6311 elementor-widget elementor-widget-button\" data-id=\"59d6311\" data-element_type=\"widget\" data-widget_type=\"button.default\">\n\t\t\t\t\t\t\t\t\t\t<a class=\"elementor-button elementor-button-link elementor-size-sm elementor-animation-bounce-in\" href=\"https:\/\/a3d-print.fr\/index.php\/decoupe-vinyle\/\">\n\t\t\t\t\t\t<span class=\"elementor-button-content-wrapper\">\n\t\t\t\t\t\t\t\t\t<span class=\"elementor-button-text\">D\u00e9coupe Vinyle<\/span>\n\t\t\t\t\t<\/span>\n\t\t\t\t\t<\/a>\n\t\t\t\t\t\t\t\t<\/div>\n\t\t\t\t<div class=\"elementor-element elementor-element-24424e2 elementor-widget elementor-widget-button\" data-id=\"24424e2\" data-element_type=\"widget\" data-widget_type=\"button.default\">\n\t\t\t\t\t\t\t\t\t\t<a class=\"elementor-button elementor-button-link elementor-size-sm elementor-animation-bounce-in\" href=\"https:\/\/a3d-print.fr\/index.php\/conception-3d\/\">\n\t\t\t\t\t\t<span class=\"elementor-button-content-wrapper\">\n\t\t\t\t\t\t\t\t\t<span class=\"elementor-button-text\">Conception<\/span>\n\t\t\t\t\t<\/span>\n\t\t\t\t\t<\/a>\n\t\t\t\t\t\t\t\t<\/div>\n\t\t\t\t<\/div>\n\t\t<div class=\"elementor-element elementor-element-171c90b e-flex e-con-boxed e-con e-parent\" data-id=\"171c90b\" data-element_type=\"container\">\n\t\t\t\t\t<div class=\"e-con-inner\">\n\t\t\t\t<div class=\"elementor-element elementor-element-0e3cb67 elementor-widget-divider--view-line elementor-widget elementor-widget-divider\" data-id=\"0e3cb67\" data-element_type=\"widget\" data-widget_type=\"divider.default\">\n\t\t\t\t\t\t\t<div class=\"elementor-divider\">\n\t\t\t<span class=\"elementor-divider-separator\">\n\t\t\t\t\t\t<\/span>\n\t\t<\/div>\n\t\t\t\t\t\t<\/div>\n\t\t\t\t<div class=\"elementor-element elementor-element-fa49bc1 elementor-widget elementor-widget-text-editor\" data-id=\"fa49bc1\" data-element_type=\"widget\" data-widget_type=\"text-editor.default\">\n\t\t\t\t\t\t\t\t\t<p data-start=\"166\" data-end=\"186\"><strong>Impression 3D FDM<\/strong><\/p><p data-start=\"188\" data-end=\"513\">L\u2019impression 3D FDM (Fused Deposition Modeling) est une technologie fiable et polyvalente permettant de <strong data-start=\"292\" data-end=\"327\">concevoir des pi\u00e8ces sur mesure<\/strong>, aussi bien pour les professionnels que pour les particuliers.<br data-start=\"390\" data-end=\"393\" \/>Elle est id\u00e9ale pour la fabrication de pi\u00e8ces fonctionnelles, de prototypes ou d\u2019objets personnalis\u00e9s en petites s\u00e9ries.<\/p><p data-start=\"515\" data-end=\"559\"><strong>\ud83e\udde9 Une fabrication adapt\u00e9e \u00e0 vos besoins<\/strong><\/p><p data-start=\"560\" data-end=\"829\">Gr\u00e2ce \u00e0 l\u2019impression 3D FDM, nous produisons des pi\u00e8ces r\u00e9sistantes et pr\u00e9cises \u00e0 partir de fichiers 3D ou de mod\u00e8les con\u00e7us sp\u00e9cifiquement pour votre projet.<br data-start=\"718\" data-end=\"721\" \/>Chaque impression est r\u00e9alis\u00e9e avec soin afin de garantir un rendu conforme aux attentes et \u00e0 l\u2019usage final.<\/p><p data-start=\"831\" data-end=\"859\"><strong>\ud83e\uddf1 Mat\u00e9riaux disponibles<\/strong><\/p><p data-start=\"860\" data-end=\"933\">Nous s\u00e9lectionnons les mat\u00e9riaux en fonction de l\u2019application souhait\u00e9e :<\/p><ul data-start=\"934\" data-end=\"1169\"><li data-start=\"934\" data-end=\"981\"><p data-start=\"936\" data-end=\"981\">PLA : usage courant, d\u00e9coration, prototypes<\/p><\/li><li data-start=\"982\" data-end=\"1040\"><p data-start=\"984\" data-end=\"1040\">PETG : r\u00e9sistance accrue, usage int\u00e9rieur et ext\u00e9rieur<\/p><\/li><li data-start=\"1041\" data-end=\"1084\"><p data-start=\"1043\" data-end=\"1084\">ABS : solidit\u00e9, r\u00e9sistance \u00e0 la chaleur<\/p><\/li><li data-start=\"1085\" data-end=\"1169\"><p data-start=\"1087\" data-end=\"1169\">TPU : pi\u00e8ces souples et flexibles<br data-start=\"1120\" data-end=\"1123\" \/><em data-start=\"1123\" data-end=\"1169\">(autres mat\u00e9riaux possibles selon le projet)<\/em><\/p><\/li><\/ul><p data-start=\"1171\" data-end=\"1200\"><strong>\u2699\ufe0f Applications possibles<\/strong><\/p><ul data-start=\"1201\" data-end=\"1347\"><li data-start=\"1201\" data-end=\"1223\"><p data-start=\"1203\" data-end=\"1223\">Prototypage rapide<\/p><\/li><li data-start=\"1224\" data-end=\"1263\"><p data-start=\"1226\" data-end=\"1263\">Pi\u00e8ces techniques et fonctionnelles<\/p><\/li><li data-start=\"1264\" data-end=\"1305\"><p data-start=\"1266\" data-end=\"1305\">R\u00e9parations et remplacement de pi\u00e8ces<\/p><\/li><li data-start=\"1306\" data-end=\"1330\"><p data-start=\"1308\" data-end=\"1330\">Objets personnalis\u00e9s<\/p><\/li><li data-start=\"1331\" data-end=\"1347\"><p data-start=\"1333\" data-end=\"1347\">Petites s\u00e9ries<\/p><\/li><\/ul><p data-start=\"1349\" data-end=\"1377\"><strong>\ud83c\udfaf Pr\u00e9cision et finition<\/strong><\/p><p data-start=\"1378\" data-end=\"1579\">Les param\u00e8tres d\u2019impression sont ajust\u00e9s selon les contraintes m\u00e9caniques, esth\u00e9tiques ou dimensionnelles.<br data-start=\"1484\" data-end=\"1487\" \/>Un travail de finition peut \u00eatre r\u00e9alis\u00e9 si n\u00e9cessaire (\u00e9bavurage, ajustements, assemblage).<\/p><p data-start=\"1581\" data-end=\"1618\"><strong>\ud83e\udd1d Un accompagnement personnalis\u00e9<\/strong><\/p><ul><li data-start=\"1619\" data-end=\"1760\">Chaque projet est \u00e9tudi\u00e9 avec attention afin de proposer la <strong data-start=\"1679\" data-end=\"1707\">solution la plus adapt\u00e9e<\/strong>, du choix du mat\u00e9riau jusqu\u2019\u00e0 la fabrication finale.<\/li><\/ul>\t\t\t\t\t\t\t\t<\/div>\n\t\t\t\t\t<\/div>\n\t\t\t\t<\/div>\n\t\t<div class=\"elementor-element elementor-element-990a837 e-flex e-con-boxed e-con e-parent\" data-id=\"990a837\" data-element_type=\"container\">\n\t\t\t\t\t<div class=\"e-con-inner\">\n\t\t\t\t<div class=\"elementor-element elementor-element-feb361e elementor-arrows-position-inside elementor-pagination-position-outside elementor-widget elementor-widget-image-carousel\" data-id=\"feb361e\" data-element_type=\"widget\" data-settings=\"{&quot;slides_to_scroll&quot;:&quot;1&quot;,&quot;autoplay_speed&quot;:0,&quot;speed&quot;:1800,&quot;slides_to_show&quot;:&quot;4&quot;,&quot;navigation&quot;:&quot;both&quot;,&quot;autoplay&quot;:&quot;yes&quot;,&quot;pause_on_hover&quot;:&quot;yes&quot;,&quot;pause_on_interaction&quot;:&quot;yes&quot;,&quot;infinite&quot;:&quot;yes&quot;,&quot;image_spacing_custom&quot;:{&quot;unit&quot;:&quot;px&quot;,&quot;size&quot;:20,&quot;sizes&quot;:[]},&quot;image_spacing_custom_tablet&quot;:{&quot;unit&quot;:&quot;px&quot;,&quot;size&quot;:&quot;&quot;,&quot;sizes&quot;:[]},&quot;image_spacing_custom_mobile&quot;:{&quot;unit&quot;:&quot;px&quot;,&quot;size&quot;:&quot;&quot;,&quot;sizes&quot;:[]}}\" data-widget_type=\"image-carousel.default\">\n\t\t\t\t\t\t\t<div class=\"elementor-image-carousel-wrapper swiper\" role=\"region\" aria-roledescription=\"carousel\" aria-label=\"Carrousel d\u2019images\" dir=\"ltr\">\n\t\t\t<div class=\"elementor-image-carousel swiper-wrapper\" aria-live=\"off\">\n\t\t\t\t\t\t\t\t<div class=\"swiper-slide\" role=\"group\" aria-roledescription=\"slide\" aria-label=\"1 sur 4\"><figure class=\"swiper-slide-inner\"><img decoding=\"async\" class=\"swiper-slide-image\" src=\"https:\/\/a3d-print.fr\/wp-content\/uploads\/2025\/12\/WhatsApp-Image-2025-12-11-at-18.06.13-1-924x1024.jpeg\" alt=\"WhatsApp Image 2025-12-11 at 18.06.13 (1)\" \/><\/figure><\/div><div class=\"swiper-slide\" role=\"group\" aria-roledescription=\"slide\" aria-label=\"2 sur 4\"><figure class=\"swiper-slide-inner\"><img decoding=\"async\" class=\"swiper-slide-image\" src=\"https:\/\/a3d-print.fr\/wp-content\/uploads\/2025\/12\/WhatsApp-Image-2025-12-11-at-18.06.11-1024x1024.jpeg\" alt=\"WhatsApp Image 2025-12-11 at 18.06.11\" \/><\/figure><\/div><div class=\"swiper-slide\" role=\"group\" aria-roledescription=\"slide\" aria-label=\"3 sur 4\"><figure class=\"swiper-slide-inner\"><img decoding=\"async\" class=\"swiper-slide-image\" src=\"https:\/\/a3d-print.fr\/wp-content\/uploads\/2025\/12\/WhatsApp-Image-2025-02-13-at-11.31.51-2.jpeg\" alt=\"WhatsApp Image 2025-02-13 at 11.31.51 (2)\" \/><\/figure><\/div><div class=\"swiper-slide\" role=\"group\" aria-roledescription=\"slide\" aria-label=\"4 sur 4\"><figure class=\"swiper-slide-inner\"><img decoding=\"async\" class=\"swiper-slide-image\" src=\"https:\/\/a3d-print.fr\/wp-content\/uploads\/2025\/12\/20240612_121738-1-1024x1024.jpg\" alt=\"20240612_121738 (1)\" \/><\/figure><\/div>\t\t\t<\/div>\n\t\t\t\t\t\t\t\t\t\t\t\t<div class=\"elementor-swiper-button elementor-swiper-button-prev\" role=\"button\" tabindex=\"0\">\n\t\t\t\t\t\t<svg aria-hidden=\"true\" class=\"e-font-icon-svg e-eicon-chevron-left\" viewBox=\"0 0 1000 1000\" xmlns=\"http:\/\/www.w3.org\/2000\/svg\"><path d=\"M646 125C629 125 613 133 604 142L308 442C296 454 292 471 292 487 292 504 296 521 308 533L604 854C617 867 629 875 646 875 663 875 679 871 692 858 704 846 713 829 713 812 713 796 708 779 692 767L438 487 692 225C700 217 708 204 708 187 708 171 704 154 692 142 675 129 663 125 646 125Z\"><\/path><\/svg>\t\t\t\t\t<\/div>\n\t\t\t\t\t<div class=\"elementor-swiper-button elementor-swiper-button-next\" role=\"button\" tabindex=\"0\">\n\t\t\t\t\t\t<svg aria-hidden=\"true\" class=\"e-font-icon-svg e-eicon-chevron-right\" viewBox=\"0 0 1000 1000\" xmlns=\"http:\/\/www.w3.org\/2000\/svg\"><path d=\"M696 533C708 521 713 504 713 487 713 471 708 454 696 446L400 146C388 133 375 125 354 125 338 125 325 129 313 142 300 154 292 171 292 187 292 204 296 221 308 233L563 492 304 771C292 783 288 800 288 817 288 833 296 850 308 863 321 871 338 875 354 875 371 875 388 867 400 854L696 533Z\"><\/path><\/svg>\t\t\t\t\t<\/div>\n\t\t\t\t\n\t\t\t\t\t\t\t\t\t<div class=\"swiper-pagination\"><\/div>\n\t\t\t\t\t\t\t\t\t<\/div>\n\t\t\t\t\t\t<\/div>\n\t\t\t\t\t<\/div>\n\t\t\t\t<\/div>\n\t\t\t\t<\/div>\n\t\t","protected":false},"excerpt":{"rendered":"<p>Impressions filament Accueil Services R\u00e9alisations Boutique Contact A propos Gravure Laser Impression FDM Impression R\u00e9sine V\u00eatements D\u00e9coupe Vinyle Conception Impression [&hellip;]<\/p>\n","protected":false},"author":1,"featured_media":0,"parent":0,"menu_order":0,"comment_status":"closed","ping_status":"closed","template":"","meta":{"site-sidebar-layout":"no-sidebar","site-content-layout":"","ast-site-content-layout":"full-width-container","site-content-style":"default","site-sidebar-style":"default","ast-global-header-display":"disabled","ast-banner-title-visibility":"disabled","ast-main-header-display":"","ast-hfb-above-header-display":"","ast-hfb-below-header-display":"","ast-hfb-mobile-header-display":"","site-post-title":"","ast-breadcrumbs-content":"","ast-featured-img":"disabled","footer-sml-layout":"disabled","ast-disable-related-posts":"","theme-transparent-header-meta":"","adv-header-id-meta":"","stick-header-meta":"","header-above-stick-meta":"","header-main-stick-meta":"","header-below-stick-meta":"","astra-migrate-meta-layouts":"default","ast-page-background-enabled":"default","ast-page-background-meta":{"desktop":{"background-color":"var(--ast-global-color-5)","background-image":"","background-repeat":"repeat","background-position":"center center","background-size":"auto","background-attachment":"scroll","background-type":"","background-media":"","overlay-type":"","overlay-color":"","overlay-opacity":"","overlay-gradient":""},"tablet":{"background-color":"","background-image":"","background-repeat":"repeat","background-position":"center center","background-size":"auto","background-attachment":"scroll","background-type":"","background-media":"","overlay-type":"","overlay-color":"","overlay-opacity":"","overlay-gradient":""},"mobile":{"background-color":"","background-image":"","background-repeat":"repeat","background-position":"center center","background-size":"auto","background-attachment":"scroll","background-type":"","background-media":"","overlay-type":"","overlay-color":"","overlay-opacity":"","overlay-gradient":""}},"ast-content-background-meta":{"desktop":{"background-color":"var(--ast-global-color-4)","background-image":"","background-repeat":"repeat","background-position":"center center","background-size":"auto","background-attachment":"scroll","background-type":"","background-media":"","overlay-type":"","overlay-color":"","overlay-opacity":"","overlay-gradient":""},"tablet":{"background-color":"var(--ast-global-color-4)","background-image":"","background-repeat":"repeat","background-position":"center center","background-size":"auto","background-attachment":"scroll","background-type":"","background-media":"","overlay-type":"","overlay-color":"","overlay-opacity":"","overlay-gradient":""},"mobile":{"background-color":"var(--ast-global-color-4)","background-image":"","background-repeat":"repeat","background-position":"center center","background-size":"auto","background-attachment":"scroll","background-type":"","background-media":"","overlay-type":"","overlay-color":"","overlay-opacity":"","overlay-gradient":""}},"footnotes":""},"class_list":["post-182","page","type-page","status-publish","hentry"],"yoast_head":"<!-- This site is optimized with the Yoast SEO plugin v26.5 - https:\/\/yoast.com\/wordpress\/plugins\/seo\/ -->\n<title>galerie FDM - A3D-PRINT<\/title>\n<meta name=\"robots\" content=\"index, follow, max-snippet:-1, max-image-preview:large, max-video-preview:-1\" \/>\n<link rel=\"canonical\" href=\"https:\/\/a3d-print.fr\/index.php\/fdm\/\" \/>\n<meta property=\"og:locale\" content=\"fr_FR\" \/>\n<meta property=\"og:type\" content=\"article\" \/>\n<meta property=\"og:title\" content=\"galerie FDM - A3D-PRINT\" \/>\n<meta property=\"og:description\" content=\"Impressions filament Accueil Services R\u00e9alisations Boutique Contact A propos Gravure Laser Impression FDM Impression R\u00e9sine V\u00eatements D\u00e9coupe Vinyle Conception Impression [&hellip;]\" \/>\n<meta property=\"og:url\" content=\"https:\/\/a3d-print.fr\/index.php\/fdm\/\" \/>\n<meta property=\"og:site_name\" content=\"A3D-PRINT\" \/>\n<meta property=\"article:modified_time\" content=\"2025-12-27T09:16:27+00:00\" \/>\n<meta property=\"og:image\" content=\"https:\/\/a3d-print.fr\/wp-content\/uploads\/2025\/12\/WhatsApp-Image-2025-12-11-at-18.06.13-1-924x1024.jpeg\" \/>\n<meta name=\"twitter:card\" content=\"summary_large_image\" \/>\n<meta name=\"twitter:label1\" content=\"Dur\u00e9e de lecture estim\u00e9e\" \/>\n\t<meta name=\"twitter:data1\" content=\"5 minutes\" \/>\n<script type=\"application\/ld+json\" class=\"yoast-schema-graph\">{\"@context\":\"https:\/\/schema.org\",\"@graph\":[{\"@type\":\"WebPage\",\"@id\":\"https:\/\/a3d-print.fr\/index.php\/fdm\/\",\"url\":\"https:\/\/a3d-print.fr\/index.php\/fdm\/\",\"name\":\"galerie FDM - A3D-PRINT\",\"isPartOf\":{\"@id\":\"https:\/\/a3d-print.fr\/#website\"},\"primaryImageOfPage\":{\"@id\":\"https:\/\/a3d-print.fr\/index.php\/fdm\/#primaryimage\"},\"image\":{\"@id\":\"https:\/\/a3d-print.fr\/index.php\/fdm\/#primaryimage\"},\"thumbnailUrl\":\"https:\/\/a3d-print.fr\/wp-content\/uploads\/2025\/12\/WhatsApp-Image-2025-12-11-at-18.06.13-1-924x1024.jpeg\",\"datePublished\":\"2025-12-12T21:17:52+00:00\",\"dateModified\":\"2025-12-27T09:16:27+00:00\",\"breadcrumb\":{\"@id\":\"https:\/\/a3d-print.fr\/index.php\/fdm\/#breadcrumb\"},\"inLanguage\":\"fr-FR\",\"potentialAction\":[{\"@type\":\"ReadAction\",\"target\":[\"https:\/\/a3d-print.fr\/index.php\/fdm\/\"]}]},{\"@type\":\"ImageObject\",\"inLanguage\":\"fr-FR\",\"@id\":\"https:\/\/a3d-print.fr\/index.php\/fdm\/#primaryimage\",\"url\":\"https:\/\/a3d-print.fr\/wp-content\/uploads\/2025\/12\/WhatsApp-Image-2025-12-11-at-18.06.13-1-924x1024.jpeg\",\"contentUrl\":\"https:\/\/a3d-print.fr\/wp-content\/uploads\/2025\/12\/WhatsApp-Image-2025-12-11-at-18.06.13-1-924x1024.jpeg\"},{\"@type\":\"BreadcrumbList\",\"@id\":\"https:\/\/a3d-print.fr\/index.php\/fdm\/#breadcrumb\",\"itemListElement\":[{\"@type\":\"ListItem\",\"position\":1,\"name\":\"Accueil\",\"item\":\"https:\/\/a3d-print.fr\/\"},{\"@type\":\"ListItem\",\"position\":2,\"name\":\"galerie FDM\"}]},{\"@type\":\"WebSite\",\"@id\":\"https:\/\/a3d-print.fr\/#website\",\"url\":\"https:\/\/a3d-print.fr\/\",\"name\":\"A3D-PRINT\",\"description\":\"\",\"potentialAction\":[{\"@type\":\"SearchAction\",\"target\":{\"@type\":\"EntryPoint\",\"urlTemplate\":\"https:\/\/a3d-print.fr\/?s={search_term_string}\"},\"query-input\":{\"@type\":\"PropertyValueSpecification\",\"valueRequired\":true,\"valueName\":\"search_term_string\"}}],\"inLanguage\":\"fr-FR\"}]}<\/script>\n<!-- \/ Yoast SEO plugin. -->","yoast_head_json":{"title":"galerie FDM - A3D-PRINT","robots":{"index":"index","follow":"follow","max-snippet":"max-snippet:-1","max-image-preview":"max-image-preview:large","max-video-preview":"max-video-preview:-1"},"canonical":"https:\/\/a3d-print.fr\/index.php\/fdm\/","og_locale":"fr_FR","og_type":"article","og_title":"galerie FDM - A3D-PRINT","og_description":"Impressions filament Accueil Services R\u00e9alisations Boutique Contact A propos Gravure Laser Impression FDM Impression R\u00e9sine V\u00eatements D\u00e9coupe Vinyle Conception Impression [&hellip;]","og_url":"https:\/\/a3d-print.fr\/index.php\/fdm\/","og_site_name":"A3D-PRINT","article_modified_time":"2025-12-27T09:16:27+00:00","og_image":[{"url":"https:\/\/a3d-print.fr\/wp-content\/uploads\/2025\/12\/WhatsApp-Image-2025-12-11-at-18.06.13-1-924x1024.jpeg","type":"","width":"","height":""}],"twitter_card":"summary_large_image","twitter_misc":{"Dur\u00e9e de lecture estim\u00e9e":"5 minutes"},"schema":{"@context":"https:\/\/schema.org","@graph":[{"@type":"WebPage","@id":"https:\/\/a3d-print.fr\/index.php\/fdm\/","url":"https:\/\/a3d-print.fr\/index.php\/fdm\/","name":"galerie FDM - A3D-PRINT","isPartOf":{"@id":"https:\/\/a3d-print.fr\/#website"},"primaryImageOfPage":{"@id":"https:\/\/a3d-print.fr\/index.php\/fdm\/#primaryimage"},"image":{"@id":"https:\/\/a3d-print.fr\/index.php\/fdm\/#primaryimage"},"thumbnailUrl":"https:\/\/a3d-print.fr\/wp-content\/uploads\/2025\/12\/WhatsApp-Image-2025-12-11-at-18.06.13-1-924x1024.jpeg","datePublished":"2025-12-12T21:17:52+00:00","dateModified":"2025-12-27T09:16:27+00:00","breadcrumb":{"@id":"https:\/\/a3d-print.fr\/index.php\/fdm\/#breadcrumb"},"inLanguage":"fr-FR","potentialAction":[{"@type":"ReadAction","target":["https:\/\/a3d-print.fr\/index.php\/fdm\/"]}]},{"@type":"ImageObject","inLanguage":"fr-FR","@id":"https:\/\/a3d-print.fr\/index.php\/fdm\/#primaryimage","url":"https:\/\/a3d-print.fr\/wp-content\/uploads\/2025\/12\/WhatsApp-Image-2025-12-11-at-18.06.13-1-924x1024.jpeg","contentUrl":"https:\/\/a3d-print.fr\/wp-content\/uploads\/2025\/12\/WhatsApp-Image-2025-12-11-at-18.06.13-1-924x1024.jpeg"},{"@type":"BreadcrumbList","@id":"https:\/\/a3d-print.fr\/index.php\/fdm\/#breadcrumb","itemListElement":[{"@type":"ListItem","position":1,"name":"Accueil","item":"https:\/\/a3d-print.fr\/"},{"@type":"ListItem","position":2,"name":"galerie FDM"}]},{"@type":"WebSite","@id":"https:\/\/a3d-print.fr\/#website","url":"https:\/\/a3d-print.fr\/","name":"A3D-PRINT","description":"","potentialAction":[{"@type":"SearchAction","target":{"@type":"EntryPoint","urlTemplate":"https:\/\/a3d-print.fr\/?s={search_term_string}"},"query-input":{"@type":"PropertyValueSpecification","valueRequired":true,"valueName":"search_term_string"}}],"inLanguage":"fr-FR"}]}},"jetpack_sharing_enabled":true,"_links":{"self":[{"href":"https:\/\/a3d-print.fr\/index.php\/wp-json\/wp\/v2\/pages\/182","targetHints":{"allow":["GET"]}}],"collection":[{"href":"https:\/\/a3d-print.fr\/index.php\/wp-json\/wp\/v2\/pages"}],"about":[{"href":"https:\/\/a3d-print.fr\/index.php\/wp-json\/wp\/v2\/types\/page"}],"author":[{"embeddable":true,"href":"https:\/\/a3d-print.fr\/index.php\/wp-json\/wp\/v2\/users\/1"}],"replies":[{"embeddable":true,"href":"https:\/\/a3d-print.fr\/index.php\/wp-json\/wp\/v2\/comments?post=182"}],"version-history":[{"count":35,"href":"https:\/\/a3d-print.fr\/index.php\/wp-json\/wp\/v2\/pages\/182\/revisions"}],"predecessor-version":[{"id":736,"href":"https:\/\/a3d-print.fr\/index.php\/wp-json\/wp\/v2\/pages\/182\/revisions\/736"}],"wp:attachment":[{"href":"https:\/\/a3d-print.fr\/index.php\/wp-json\/wp\/v2\/media?parent=182"}],"curies":[{"name":"wp","href":"https:\/\/api.w.org\/{rel}","templated":true}]}}